{"id":3163,"date":"2020-09-25T19:43:23","date_gmt":"2020-09-25T17:43:23","guid":{"rendered":"https:\/\/kremstalwein.at\/wine-committee\/"},"modified":"2020-11-23T17:57:58","modified_gmt":"2020-11-23T15:57:58","slug":"wine-committee","status":"publish","type":"page","link":"https:\/\/kremstalwein.at\/en\/kremstal-dac\/wine-committee\/","title":{"rendered":"Wine Committee"},"content":{"rendered":"\t\t<div data-elementor-type=\"wp-page\" data-elementor-id=\"3163\" class=\"elementor elementor-3163 elementor-2029\" data-elementor-post-type=\"page\">\n\t\t\t\t\t\t<section class=\"elementor-section elementor-top-section elementor-element elementor-element-404d64d1 elementor-section-stretched elementor-section-full_width animated-slow elementor-section-height-default elementor-section-height-default elementor-invisible\" data-id=\"404d64d1\" data-element_type=\"section\" data-e-type=\"section\" data-settings=\"{&quot;stretch_section&quot;:&quot;section-stretched&quot;,&quot;background_background&quot;:&quot;classic&quot;,&quot;animation&quot;:&quot;fadeInLeft&quot;,&quot;animation_tablet&quot;:&quot;fadeInLeft&quot;,&quot;animation_mobile&quot;:&quot;fadeInLeft&quot;}\">\n\t\t\t\t\t\t<div class=\"elementor-container elementor-column-gap-default\">\n\t\t\t\t\t<div class=\"elementor-column elementor-col-50 elementor-top-column elementor-element elementor-element-3b8a18b1\" data-id=\"3b8a18b1\" data-element_type=\"column\" data-e-type=\"column\" data-settings=\"{&quot;background_background&quot;:&quot;classic&quot;}\">\n\t\t\t<div class=\"elementor-widget-wrap elementor-element-populated\">\n\t\t\t\t\t\t<section class=\"elementor-section elementor-inner-section elementor-element elementor-element-1be34205 elementor-section-full_width elementor-section-height-default elementor-section-height-default\" data-id=\"1be34205\" data-element_type=\"section\" data-e-type=\"section\" data-settings=\"{&quot;background_background&quot;:&quot;classic&quot;}\">\n\t\t\t\t\t\t<div class=\"elementor-container elementor-column-gap-no\">\n\t\t\t\t\t<div class=\"elementor-column elementor-col-100 elementor-inner-column elementor-element elementor-element-1fe75ad9\" data-id=\"1fe75ad9\" data-element_type=\"column\" data-e-type=\"column\">\n\t\t\t<div class=\"elementor-widget-wrap elementor-element-populated\">\n\t\t\t\t\t\t<div class=\"elementor-element elementor-element-7c67afa4 elementor-headline--style-highlight elementor-widget elementor-widget-animated-headline\" data-id=\"7c67afa4\" data-element_type=\"widget\" data-e-type=\"widget\" data-settings=\"{&quot;marker&quot;:&quot;underline&quot;,&quot;highlighted_text&quot;:&quot;Wine Committee&quot;,&quot;headline_style&quot;:&quot;highlight&quot;,&quot;loop&quot;:&quot;yes&quot;,&quot;highlight_animation_duration&quot;:1200,&quot;highlight_iteration_delay&quot;:8000}\" data-widget_type=\"animated-headline.default\">\n\t\t\t\t<div class=\"elementor-widget-container\">\n\t\t\t\t\t\t\t<h4 class=\"elementor-headline\">\n\t\t\t\t\t<span class=\"elementor-headline-plain-text elementor-headline-text-wrapper\">Regional<\/span>\n\t\t\t\t<span class=\"elementor-headline-dynamic-wrapper elementor-headline-text-wrapper\">\n\t\t\t\t\t<span class=\"elementor-headline-dynamic-text elementor-headline-text-active\">Wine Committee<\/span>\n\t\t\t\t<\/span>\n\t\t\t\t<\/h4>\n\t\t\t\t\t\t<\/div>\n\t\t\t\t<\/div>\n\t\t\t\t<div class=\"elementor-element elementor-element-1a0d45ab elementor-widget elementor-widget-text-editor\" data-id=\"1a0d45ab\" data-element_type=\"widget\" data-e-type=\"widget\" data-widget_type=\"text-editor.default\">\n\t\t\t\t<div class=\"elementor-widget-container\">\n\t\t\t\t\t\t\t\t\t<h2><span style=\"color: #333333;\">Developing the Kremstal together<\/span><\/h2>\n<p><span style=\"color: #333333;\">In many classic wine countries, it has long been customary for those involved in the wine industry to join together to form industry associations in order to promote the development of their region. In March 2002 this also happened in the Kremstal with the establishment of the Regional Wine Committee (RWK) Kremstal.<\/span><\/p>\n<p><span style=\"color: #333333;\">While the National Wine Committee (NWK) only deals with resolutions that also result in legal changes, the RWKs, as a central element in the respective areas, have the greatest possible scope for action and use it.<\/span><\/p>\n<p><span style=\"color: #333333;\">Vertreter der Weinwirtschaft im RWK sind <\/span><span style=\"color: #333333;\"><span style=\"color: #333333;\">Weinproduzenten, <\/span>Weinh\u00e4ndler und Genossenschaftsvertreter.<br \/><\/span><\/p>\n<p><span style=\"color: #333333;\">According to the vineyard area group of 1000 to 5000 hectares that applies to the Kremstal, up to 15 members may participate in the RWK. The persons are appointed by the Federal Minister for Agriculture, Regions and Tourism for a period of 5 years and carry out their duties on a voluntary basis. The next period begins in early 2022.<\/span><\/p>\n\t\t\t\t\t\t\t\t<\/div>\n\t\t\t\t<\/div>\n\t\t\t\t\t<\/div>\n\t\t<\/div>\n\t\t\t\t\t<\/div>\n\t\t<\/section>\n\t\t\t\t\t<\/div>\n\t\t<\/div>\n\t\t\t\t<div class=\"elementor-column elementor-col-50 elementor-top-column elementor-element elementor-element-65c7840f\" data-id=\"65c7840f\" data-element_type=\"column\" data-e-type=\"column\" data-settings=\"{&quot;background_background&quot;:&quot;classic&quot;}\">\n\t\t\t<div class=\"elementor-widget-wrap\">\n\t\t\t\t\t\t\t<\/div>\n\t\t<\/div>\n\t\t\t\t\t<\/div>\n\t\t<\/section>\n\t\t\t\t<section class=\"elementor-section elementor-top-section elementor-element elementor-element-13860c06 elementor-section-stretched elementor-section-full_width animated-slow elementor-section-height-default elementor-section-height-default elementor-invisible\" data-id=\"13860c06\" data-element_type=\"section\" data-e-type=\"section\" data-settings=\"{&quot;stretch_section&quot;:&quot;section-stretched&quot;,&quot;background_background&quot;:&quot;classic&quot;,&quot;animation&quot;:&quot;fadeInRight&quot;,&quot;animation_tablet&quot;:&quot;fadeInRight&quot;,&quot;animation_mobile&quot;:&quot;fadeInRight&quot;}\">\n\t\t\t\t\t\t<div class=\"elementor-container elementor-column-gap-default\">\n\t\t\t\t\t<div class=\"elementor-column elementor-col-33 elementor-top-column elementor-element elementor-element-4446c04f\" data-id=\"4446c04f\" data-element_type=\"column\" data-e-type=\"column\" data-settings=\"{&quot;background_background&quot;:&quot;classic&quot;}\">\n\t\t\t<div class=\"elementor-widget-wrap\">\n\t\t\t\t\t\t\t<\/div>\n\t\t<\/div>\n\t\t\t\t<div class=\"elementor-column elementor-col-66 elementor-top-column elementor-element elementor-element-2ff536fd\" data-id=\"2ff536fd\" data-element_type=\"column\" data-e-type=\"column\">\n\t\t\t<div class=\"elementor-widget-wrap elementor-element-populated\">\n\t\t\t\t\t\t<section class=\"elementor-section elementor-inner-section elementor-element elementor-element-352fdb83 elementor-section-full_width elementor-section-height-default elementor-section-height-default\" data-id=\"352fdb83\" data-element_type=\"section\" data-e-type=\"section\" data-settings=\"{&quot;background_background&quot;:&quot;classic&quot;}\">\n\t\t\t\t\t\t<div class=\"elementor-container elementor-column-gap-no\">\n\t\t\t\t\t<div class=\"elementor-column elementor-col-100 elementor-inner-column elementor-element elementor-element-65f907db\" data-id=\"65f907db\" data-element_type=\"column\" data-e-type=\"column\">\n\t\t\t<div class=\"elementor-widget-wrap elementor-element-populated\">\n\t\t\t\t\t\t<div class=\"elementor-element elementor-element-680fd65c elementor-widget elementor-widget-text-editor\" data-id=\"680fd65c\" data-element_type=\"widget\" data-e-type=\"widget\" id=\"klimaboden\" data-widget_type=\"text-editor.default\">\n\t\t\t\t<div class=\"elementor-widget-container\">\n\t\t\t\t\t\t\t\t\t<h2><span style=\"color: #ececec;\">The five most important tasks of the Regional Wine Committee<\/p>\n<p><\/span><\/h2>\n<ol>\n<li>Market research and implementation of marketing measures in cooperation with \u00d6sterreichische Weinmarketing GmbH.\n<\/li>\n<li>Development of processes and technologies to improve product quality.\n<\/li>\n<li>Elaboration of standard contracts such as B. Supply or management contracts.\n<\/li>\n<li>Definition of conditions for the production and marketing of original wines. This means that a RWK can propose regulations for Kremstal DAC wines to the Federal Minister.\n<\/li>\n<li>Development of wine tourism activities.<\/li>\n<\/ol>\n\t\t\t\t\t\t\t\t<\/div>\n\t\t\t\t<\/div>\n\t\t\t\t\t<\/div>\n\t\t<\/div>\n\t\t\t\t\t<\/div>\n\t\t<\/section>\n\t\t\t\t\t<\/div>\n\t\t<\/div>\n\t\t\t\t\t<\/div>\n\t\t<\/section>\n\t\t\t\t<section class=\"elementor-section elementor-top-section elementor-element elementor-element-3514e45 elementor-section-stretched elementor-section-full_width animated-slow elementor-section-height-default elementor-section-height-default elementor-invisible\" data-id=\"3514e45\" data-element_type=\"section\" data-e-type=\"section\" data-settings=\"{&quot;stretch_section&quot;:&quot;section-stretched&quot;,&quot;background_background&quot;:&quot;classic&quot;,&quot;animation&quot;:&quot;fadeInLeft&quot;,&quot;animation_tablet&quot;:&quot;fadeInLeft&quot;,&quot;animation_mobile&quot;:&quot;fadeInLeft&quot;}\">\n\t\t\t\t\t\t<div class=\"elementor-container elementor-column-gap-default\">\n\t\t\t\t\t<div class=\"elementor-column elementor-col-50 elementor-top-column elementor-element elementor-element-7f7556a7\" data-id=\"7f7556a7\" data-element_type=\"column\" data-e-type=\"column\" data-settings=\"{&quot;background_background&quot;:&quot;classic&quot;}\">\n\t\t\t<div class=\"elementor-widget-wrap elementor-element-populated\">\n\t\t\t\t\t\t<section class=\"elementor-section elementor-inner-section elementor-element elementor-element-505ef0c9 elementor-section-full_width elementor-section-height-default elementor-section-height-default\" data-id=\"505ef0c9\" data-element_type=\"section\" data-e-type=\"section\" data-settings=\"{&quot;background_background&quot;:&quot;classic&quot;}\">\n\t\t\t\t\t\t<div class=\"elementor-container elementor-column-gap-no\">\n\t\t\t\t\t<div class=\"elementor-column elementor-col-100 elementor-inner-column elementor-element elementor-element-45fb70cc\" data-id=\"45fb70cc\" data-element_type=\"column\" data-e-type=\"column\">\n\t\t\t<div class=\"elementor-widget-wrap elementor-element-populated\">\n\t\t\t\t\t\t<div class=\"elementor-element elementor-element-562e85a7 elementor-widget elementor-widget-text-editor\" data-id=\"562e85a7\" data-element_type=\"widget\" data-e-type=\"widget\" data-widget_type=\"text-editor.default\">\n\t\t\t\t<div class=\"elementor-widget-container\">\n\t\t\t\t\t\t\t\t\t<h2>The members of the Regional Wine Committee<\/h2>\n<table>\n<tbody>\n<tr>\n<td bgcolor=\"#f3f3f3\">Obmann Leopold M\u00fcller, Weingut M\u00fcller, Krustetten<\/td>\n<\/tr>\n<tr>\n<td>Wolfgang Aigner, Weingut Aigner, Krems<\/td>\n<\/tr>\n<tr>\n<td bgcolor=\"#f3f3f3\">Franz Bauer, Vorstand Winzer Krems<\/td>\n<\/tr>\n<tr>\n<td>Erich Berger, Weingut Berger, Gedersdorf<\/td>\n<\/tr>\n<tr>\n<td bgcolor=\"#f3f3f3\">Josef Dockner jun., Winzerhof Dockner, H\u00f6benbach<\/td>\n<\/tr>\n<tr>\n<td>Franz Ehrenleitner, Gesch\u00e4ftsf\u00fchrer Winzer Krems<\/td>\n<\/tr>\n<tr>\n<td bgcolor=\"#f3f3f3\">Meinhard Forstreiter, Weingut Forstreiter, Krems-Hollenburg<\/td>\n<\/tr>\n<tr>\n<td>Ing. Michael Rethaller, Weinkellerei Lenz Moser, Rohrendorf<\/td>\n<\/tr>\n<tr>\n<td bgcolor=\"#f3f3f3\">Klaus Klein, Gesch\u00e4ftsf\u00fchrer Weingut Schloss Fels, Spar<\/td>\n<\/tr>\n<tr>\n<td>DI Michael Malat, Weingut Malat, Furth-Palt<\/td>\n<\/tr>\n<tr>\n<td bgcolor=\"#f3f3f3\">Fritz Miesbauer, Weingut Stadt Krems<\/td>\n<\/tr>\n<tr>\n<td>Dr. Bertold Salomon, Salomon Undhof, Krems-Stein<\/td>\n<\/tr>\n<tr>\n<td bgcolor=\"#f3f3f3\">Erwin Tauchner, Weingut Tauchner, Krems<\/td>\n<\/tr>\n<tr>\n<td>Franz T\u00fcrk, Weingut T\u00fcrk, Stratzing<\/td>\n<\/tr>\n<tr>\n<td bgcolor=\"#f3f3f3\">Obmann-Stv. Artur Toifl, Weingut Thiery-Weber, Rohrendorf<\/td>\n<\/tr>\n<tr>\n<td> <\/td>\n<\/tr>\n<tr>\n<td bgcolor=\"#f3f3f3\">Experten:<\/td>\n<\/tr>\n<tr>\n<td>Franz Backknecht, Pr\u00e4sident N\u00d6 Weinbauverband<\/td>\n<\/tr>\n<tr>\n<td bgcolor=\"#f3f3f3\">Gesch\u00e4ftsf\u00fchrer Mag. Dieter Faltl, Dir. Weinbauschule Krems<\/td>\n<\/tr>\n<tr>\n<td>\n<p>DI Konrad Hackl, Gesch\u00e4ftsf\u00fchrer N\u00d6 Weinbauverband<\/p>\n<\/td>\n<\/tr>\n<\/tbody>\n<\/table>\n\t\t\t\t\t\t\t\t<\/div>\n\t\t\t\t<\/div>\n\t\t\t\t\t<\/div>\n\t\t<\/div>\n\t\t\t\t\t<\/div>\n\t\t<\/section>\n\t\t\t\t\t<\/div>\n\t\t<\/div>\n\t\t\t\t<div class=\"elementor-column elementor-col-50 elementor-top-column elementor-element elementor-element-1566d3fd\" data-id=\"1566d3fd\" data-element_type=\"column\" data-e-type=\"column\" data-settings=\"{&quot;background_background&quot;:&quot;classic&quot;}\">\n\t\t\t<div class=\"elementor-widget-wrap\">\n\t\t\t\t\t\t\t<\/div>\n\t\t<\/div>\n\t\t\t\t\t<\/div>\n\t\t<\/section>\n\t\t\t\t<\/div>\n\t\t","protected":false},"excerpt":{"rendered":"<p>Regional Developing the Kremstal together In many classic wine countries, it has long been customary for those involved in the wine industry to join together to form industry associations in order to promote the development of their region. In March 2002 this also happened in the Kremstal with the establishment of the Regional Wine Committee&hellip;<\/p>\n","protected":false},"author":1,"featured_media":0,"parent":3311,"menu_order":1,"comment_status":"closed","ping_status":"closed","template":"","meta":{"inline_featured_image":false,"cybocfi_hide_featured_image":"","footnotes":""},"class_list":["post-3163","page","type-page","status-publish","hentry"],"yoast_head":"<!-- This site is optimized with the Yoast SEO plugin v27.2 - https:\/\/yoast.com\/product\/yoast-seo-wordpress\/ -->\n<title>Wine Committee - Kremstalwein<\/title>\n<meta name=\"robots\" content=\"index, follow, max-snippet:-1, max-image-preview:large, max-video-preview:-1\" \/>\n<link rel=\"canonical\" href=\"https:\/\/kremstalwein.at\/en\/kremstal-dac\/wine-committee\/\" \/>\n<meta property=\"og:locale\" content=\"en_US\" \/>\n<meta property=\"og:type\" content=\"article\" \/>\n<meta property=\"og:title\" content=\"Wine Committee - Kremstalwein\" \/>\n<meta property=\"og:description\" content=\"Regional Developing the Kremstal together In many classic wine countries, it has long been customary for those involved in the wine industry to join together to form industry associations in order to promote the development of their region. In March 2002 this also happened in the Kremstal with the establishment of the Regional Wine Committee&hellip;\" \/>\n<meta property=\"og:url\" content=\"https:\/\/kremstalwein.at\/en\/kremstal-dac\/wine-committee\/\" \/>\n<meta property=\"og:site_name\" content=\"Kremstalwein\" \/>\n<meta property=\"article:publisher\" content=\"https:\/\/www.facebook.com\/kremstalwein\" \/>\n<meta property=\"article:modified_time\" content=\"2020-11-23T15:57:58+00:00\" \/>\n<meta name=\"twitter:card\" content=\"summary_large_image\" \/>\n<meta name=\"twitter:label1\" content=\"Est. reading time\" \/>\n\t<meta name=\"twitter:data1\" content=\"2 minutes\" \/>\n<script type=\"application\/ld+json\" class=\"yoast-schema-graph\">{\"@context\":\"https:\/\/schema.org\",\"@graph\":[{\"@type\":\"WebPage\",\"@id\":\"https:\/\/kremstalwein.at\/en\/kremstal-dac\/wine-committee\/\",\"url\":\"https:\/\/kremstalwein.at\/en\/kremstal-dac\/wine-committee\/\",\"name\":\"Wine Committee - Kremstalwein\",\"isPartOf\":{\"@id\":\"https:\/\/kremstalwein.at\/#website\"},\"datePublished\":\"2020-09-25T17:43:23+00:00\",\"dateModified\":\"2020-11-23T15:57:58+00:00\",\"breadcrumb\":{\"@id\":\"https:\/\/kremstalwein.at\/en\/kremstal-dac\/wine-committee\/#breadcrumb\"},\"inLanguage\":\"en-US\",\"potentialAction\":[{\"@type\":\"ReadAction\",\"target\":[\"https:\/\/kremstalwein.at\/en\/kremstal-dac\/wine-committee\/\"]}]},{\"@type\":\"BreadcrumbList\",\"@id\":\"https:\/\/kremstalwein.at\/en\/kremstal-dac\/wine-committee\/#breadcrumb\",\"itemListElement\":[{\"@type\":\"ListItem\",\"position\":1,\"name\":\"Startseite\",\"item\":\"https:\/\/kremstalwein.at\/en\/\"},{\"@type\":\"ListItem\",\"position\":2,\"name\":\"Kremstal DAC\",\"item\":\"https:\/\/kremstalwein.at\/en\/kremstal-dac\/\"},{\"@type\":\"ListItem\",\"position\":3,\"name\":\"Wine Committee\"}]},{\"@type\":\"WebSite\",\"@id\":\"https:\/\/kremstalwein.at\/#website\",\"url\":\"https:\/\/kremstalwein.at\/\",\"name\":\"Kremstalwein\",\"description\":\"Hochkultur des Weins\",\"publisher\":{\"@id\":\"https:\/\/kremstalwein.at\/#organization\"},\"potentialAction\":[{\"@type\":\"SearchAction\",\"target\":{\"@type\":\"EntryPoint\",\"urlTemplate\":\"https:\/\/kremstalwein.at\/?s={search_term_string}\"},\"query-input\":{\"@type\":\"PropertyValueSpecification\",\"valueRequired\":true,\"valueName\":\"search_term_string\"}}],\"inLanguage\":\"en-US\"},{\"@type\":\"Organization\",\"@id\":\"https:\/\/kremstalwein.at\/#organization\",\"name\":\"Regionales Weinkomitee Kremstal & Weinstra\u00dfe Kremstal\",\"url\":\"https:\/\/kremstalwein.at\/\",\"logo\":{\"@type\":\"ImageObject\",\"inLanguage\":\"en-US\",\"@id\":\"https:\/\/kremstalwein.at\/#\/schema\/logo\/image\/\",\"url\":\"https:\/\/kremstalwein.at\/wp-content\/uploads\/2020\/06\/kremstal-logo-ohne-hg_klein.jpg\",\"contentUrl\":\"https:\/\/kremstalwein.at\/wp-content\/uploads\/2020\/06\/kremstal-logo-ohne-hg_klein.jpg\",\"width\":300,\"height\":230,\"caption\":\"Regionales Weinkomitee Kremstal & Weinstra\u00dfe Kremstal\"},\"image\":{\"@id\":\"https:\/\/kremstalwein.at\/#\/schema\/logo\/image\/\"},\"sameAs\":[\"https:\/\/www.facebook.com\/kremstalwein\",\"https:\/\/www.instagram.com\/kremstalwein\/?hl=de\"]}]}<\/script>\n<!-- \/ Yoast SEO plugin. -->","yoast_head_json":{"title":"Wine Committee - Kremstalwein","robots":{"index":"index","follow":"follow","max-snippet":"max-snippet:-1","max-image-preview":"max-image-preview:large","max-video-preview":"max-video-preview:-1"},"canonical":"https:\/\/kremstalwein.at\/en\/kremstal-dac\/wine-committee\/","og_locale":"en_US","og_type":"article","og_title":"Wine Committee - Kremstalwein","og_description":"Regional Developing the Kremstal together In many classic wine countries, it has long been customary for those involved in the wine industry to join together to form industry associations in order to promote the development of their region. In March 2002 this also happened in the Kremstal with the establishment of the Regional Wine Committee&hellip;","og_url":"https:\/\/kremstalwein.at\/en\/kremstal-dac\/wine-committee\/","og_site_name":"Kremstalwein","article_publisher":"https:\/\/www.facebook.com\/kremstalwein","article_modified_time":"2020-11-23T15:57:58+00:00","twitter_card":"summary_large_image","twitter_misc":{"Est. reading time":"2 minutes"},"schema":{"@context":"https:\/\/schema.org","@graph":[{"@type":"WebPage","@id":"https:\/\/kremstalwein.at\/en\/kremstal-dac\/wine-committee\/","url":"https:\/\/kremstalwein.at\/en\/kremstal-dac\/wine-committee\/","name":"Wine Committee - Kremstalwein","isPartOf":{"@id":"https:\/\/kremstalwein.at\/#website"},"datePublished":"2020-09-25T17:43:23+00:00","dateModified":"2020-11-23T15:57:58+00:00","breadcrumb":{"@id":"https:\/\/kremstalwein.at\/en\/kremstal-dac\/wine-committee\/#breadcrumb"},"inLanguage":"en-US","potentialAction":[{"@type":"ReadAction","target":["https:\/\/kremstalwein.at\/en\/kremstal-dac\/wine-committee\/"]}]},{"@type":"BreadcrumbList","@id":"https:\/\/kremstalwein.at\/en\/kremstal-dac\/wine-committee\/#breadcrumb","itemListElement":[{"@type":"ListItem","position":1,"name":"Startseite","item":"https:\/\/kremstalwein.at\/en\/"},{"@type":"ListItem","position":2,"name":"Kremstal DAC","item":"https:\/\/kremstalwein.at\/en\/kremstal-dac\/"},{"@type":"ListItem","position":3,"name":"Wine Committee"}]},{"@type":"WebSite","@id":"https:\/\/kremstalwein.at\/#website","url":"https:\/\/kremstalwein.at\/","name":"Kremstalwein","description":"Hochkultur des Weins","publisher":{"@id":"https:\/\/kremstalwein.at\/#organization"},"potentialAction":[{"@type":"SearchAction","target":{"@type":"EntryPoint","urlTemplate":"https:\/\/kremstalwein.at\/?s={search_term_string}"},"query-input":{"@type":"PropertyValueSpecification","valueRequired":true,"valueName":"search_term_string"}}],"inLanguage":"en-US"},{"@type":"Organization","@id":"https:\/\/kremstalwein.at\/#organization","name":"Regionales Weinkomitee Kremstal & Weinstra\u00dfe Kremstal","url":"https:\/\/kremstalwein.at\/","logo":{"@type":"ImageObject","inLanguage":"en-US","@id":"https:\/\/kremstalwein.at\/#\/schema\/logo\/image\/","url":"https:\/\/kremstalwein.at\/wp-content\/uploads\/2020\/06\/kremstal-logo-ohne-hg_klein.jpg","contentUrl":"https:\/\/kremstalwein.at\/wp-content\/uploads\/2020\/06\/kremstal-logo-ohne-hg_klein.jpg","width":300,"height":230,"caption":"Regionales Weinkomitee Kremstal & Weinstra\u00dfe Kremstal"},"image":{"@id":"https:\/\/kremstalwein.at\/#\/schema\/logo\/image\/"},"sameAs":["https:\/\/www.facebook.com\/kremstalwein","https:\/\/www.instagram.com\/kremstalwein\/?hl=de"]}]}},"_links":{"self":[{"href":"https:\/\/kremstalwein.at\/en\/wp-json\/wp\/v2\/pages\/3163","targetHints":{"allow":["GET"]}}],"collection":[{"href":"https:\/\/kremstalwein.at\/en\/wp-json\/wp\/v2\/pages"}],"about":[{"href":"https:\/\/kremstalwein.at\/en\/wp-json\/wp\/v2\/types\/page"}],"author":[{"embeddable":true,"href":"https:\/\/kremstalwein.at\/en\/wp-json\/wp\/v2\/users\/1"}],"replies":[{"embeddable":true,"href":"https:\/\/kremstalwein.at\/en\/wp-json\/wp\/v2\/comments?post=3163"}],"version-history":[{"count":0,"href":"https:\/\/kremstalwein.at\/en\/wp-json\/wp\/v2\/pages\/3163\/revisions"}],"up":[{"embeddable":true,"href":"https:\/\/kremstalwein.at\/en\/wp-json\/wp\/v2\/pages\/3311"}],"wp:attachment":[{"href":"https:\/\/kremstalwein.at\/en\/wp-json\/wp\/v2\/media?parent=3163"}],"curies":[{"name":"wp","href":"https:\/\/api.w.org\/{rel}","templated":true}]}}