{"id":3145,"date":"2020-09-25T17:02:25","date_gmt":"2020-09-25T15:02:25","guid":{"rendered":"https:\/\/kremstalwein.at\/links\/"},"modified":"2020-09-26T19:34:26","modified_gmt":"2020-09-26T17:34:26","slug":"links","status":"publish","type":"page","link":"https:\/\/kremstalwein.at\/en\/links\/","title":{"rendered":"Links"},"content":{"rendered":"\t\t<div data-elementor-type=\"wp-page\" data-elementor-id=\"3145\" class=\"elementor elementor-3145 elementor-2372\" data-elementor-post-type=\"page\">\n\t\t\t\t\t\t<section class=\"elementor-section elementor-top-section elementor-element elementor-element-622d7b8 elementor-section-stretched elementor-section-full_width elementor-section-height-default elementor-section-height-default\" data-id=\"622d7b8\" data-element_type=\"section\" data-e-type=\"section\" data-settings=\"{&quot;stretch_section&quot;:&quot;section-stretched&quot;,&quot;background_background&quot;:&quot;classic&quot;}\">\n\t\t\t\t\t\t<div class=\"elementor-container elementor-column-gap-default\">\n\t\t\t\t\t<div class=\"elementor-column elementor-col-66 elementor-top-column elementor-element elementor-element-6753b387\" data-id=\"6753b387\" data-element_type=\"column\" data-e-type=\"column\" data-settings=\"{&quot;background_background&quot;:&quot;classic&quot;,&quot;motion_fx_translateY_effect&quot;:&quot;yes&quot;,&quot;motion_fx_motion_fx_scrolling&quot;:&quot;yes&quot;,&quot;motion_fx_translateY_speed&quot;:{&quot;unit&quot;:&quot;px&quot;,&quot;size&quot;:1,&quot;sizes&quot;:[]},&quot;motion_fx_translateY_affectedRange&quot;:{&quot;unit&quot;:&quot;%&quot;,&quot;size&quot;:&quot;&quot;,&quot;sizes&quot;:{&quot;start&quot;:12,&quot;end&quot;:90}},&quot;motion_fx_devices&quot;:[&quot;desktop&quot;,&quot;tablet&quot;,&quot;mobile&quot;]}\">\n\t\t\t<div class=\"elementor-widget-wrap elementor-element-populated\">\n\t\t\t\t\t\t<div class=\"elementor-element elementor-element-4e56de1f elementor-headline--style-highlight elementor-widget elementor-widget-animated-headline\" data-id=\"4e56de1f\" data-element_type=\"widget\" data-e-type=\"widget\" data-settings=\"{&quot;marker&quot;:&quot;underline&quot;,&quot;highlighted_text&quot;:&quot;Links&quot;,&quot;headline_style&quot;:&quot;highlight&quot;,&quot;loop&quot;:&quot;yes&quot;,&quot;highlight_animation_duration&quot;:1200,&quot;highlight_iteration_delay&quot;:8000}\" data-widget_type=\"animated-headline.default\">\n\t\t\t\t<div class=\"elementor-widget-container\">\n\t\t\t\t\t\t\t<h4 class=\"elementor-headline\">\n\t\t\t\t<span class=\"elementor-headline-dynamic-wrapper elementor-headline-text-wrapper\">\n\t\t\t\t\t<span class=\"elementor-headline-dynamic-text elementor-headline-text-active\">Links<\/span>\n\t\t\t\t<\/span>\n\t\t\t\t<\/h4>\n\t\t\t\t\t\t<\/div>\n\t\t\t\t<\/div>\n\t\t\t\t<section class=\"elementor-section elementor-inner-section elementor-element elementor-element-496f2457 elementor-section-full_width elementor-section-height-default elementor-section-height-default\" data-id=\"496f2457\" data-element_type=\"section\" data-e-type=\"section\" data-settings=\"{&quot;background_background&quot;:&quot;classic&quot;}\">\n\t\t\t\t\t\t<div class=\"elementor-container elementor-column-gap-no\">\n\t\t\t\t\t<div class=\"elementor-column elementor-col-100 elementor-inner-column elementor-element elementor-element-7b19767\" data-id=\"7b19767\" data-element_type=\"column\" data-e-type=\"column\">\n\t\t\t<div class=\"elementor-widget-wrap elementor-element-populated\">\n\t\t\t\t\t\t<div class=\"elementor-element elementor-element-5dddcec4 elementor-widget elementor-widget-text-editor\" data-id=\"5dddcec4\" data-element_type=\"widget\" data-e-type=\"widget\" data-widget_type=\"text-editor.default\">\n\t\t\t\t<div class=\"elementor-widget-container\">\n\t\t\t\t\t\t\t\t\t<div id=\"c178\" class=\"csc-default\">\n<div class=\"csc-header csc-header-n1\">\n<h4><a href=\"http:\/\/www.oesterreichwein.at\/\" target=\"_blank\" rel=\"noopener\">Austrian Wine Marketing Board<\/a><\/h4>\n<\/div>\n<\/div>\n<div id=\"c176\" class=\"csc-default\">\n<div class=\"csc-header csc-header-n3\">\n<h4><a href=\"http:\/\/www.donau.com\/\" target=\"_blank\" rel=\"noopener\">Danube Nieder\u00f6sterreich Tourism<\/a><\/h4>\n<\/div>\n<\/div>\n<div id=\"c232\" class=\"csc-default\">\n<div class=\"csc-header csc-header-n4\">\n<h4><a href=\"https:\/\/www.krems.info\/\" target=\"_blank\" rel=\"noopener\">Krems Tourist Information<\/a><\/h4>\n<\/div>\n<\/div>\n<div id=\"c177\" class=\"csc-default\">\n<div class=\"csc-header csc-header-n5\">\n<h4><a href=\"http:\/\/www.niederoesterreich.at\/\" target=\"_blank\" rel=\"noopener\">State of Nieder\u00f6sterreich (Lower Austria) Tourism<\/a><\/h4>\n<\/div>\n<\/div>\n<div id=\"c179\" class=\"csc-default\">\n<div class=\"csc-header csc-header-n6\">\n<h4><a href=\"http:\/\/www.top-heuriger.at\/\" target=\"_blank\" rel=\"noopener\">Top Heurige in Nieder\u00f6sterreich<\/a><\/h4>\n<\/div>\n<\/div>\n\t\t\t\t\t\t\t\t<\/div>\n\t\t\t\t<\/div>\n\t\t\t\t<div class=\"elementor-element elementor-element-632138fc elementor-widget elementor-widget-spacer\" data-id=\"632138fc\" data-element_type=\"widget\" data-e-type=\"widget\" id=\"datenschutz\" data-widget_type=\"spacer.default\">\n\t\t\t\t<div class=\"elementor-widget-container\">\n\t\t\t\t\t\t\t<div class=\"elementor-spacer\">\n\t\t\t<div class=\"elementor-spacer-inner\"><\/div>\n\t\t<\/div>\n\t\t\t\t\t\t<\/div>\n\t\t\t\t<\/div>\n\t\t\t\t\t<\/div>\n\t\t<\/div>\n\t\t\t\t\t<\/div>\n\t\t<\/section>\n\t\t\t\t\t<\/div>\n\t\t<\/div>\n\t\t\t\t<div class=\"elementor-column elementor-col-33 elementor-top-column elementor-element elementor-element-bb3de54\" data-id=\"bb3de54\" data-element_type=\"column\" data-e-type=\"column\" data-settings=\"{&quot;background_background&quot;:&quot;classic&quot;}\">\n\t\t\t<div class=\"elementor-widget-wrap\">\n\t\t\t\t\t\t\t<\/div>\n\t\t<\/div>\n\t\t\t\t\t<\/div>\n\t\t<\/section>\n\t\t\t\t<\/div>\n\t\t","protected":false},"excerpt":{"rendered":"<p>Austrian Wine Marketing Board Danube Nieder\u00f6sterreich Tourism Krems Tourist Information State of Nieder\u00f6sterreich (Lower Austria) Tourism Top Heurige in Nieder\u00f6sterreich<\/p>\n","protected":false},"author":1,"featured_media":0,"parent":0,"menu_order":0,"comment_status":"closed","ping_status":"closed","template":"","meta":{"inline_featured_image":false,"cybocfi_hide_featured_image":"","footnotes":""},"class_list":["post-3145","page","type-page","status-publish","hentry"],"yoast_head":"<!-- This site is optimized with the Yoast SEO plugin v27.2 - https:\/\/yoast.com\/product\/yoast-seo-wordpress\/ -->\n<title>Links - Kremstalwein<\/title>\n<meta name=\"robots\" content=\"index, follow, max-snippet:-1, max-image-preview:large, max-video-preview:-1\" \/>\n<link rel=\"canonical\" href=\"https:\/\/kremstalwein.at\/en\/links\/\" \/>\n<meta property=\"og:locale\" content=\"en_US\" \/>\n<meta property=\"og:type\" content=\"article\" \/>\n<meta property=\"og:title\" content=\"Links - Kremstalwein\" \/>\n<meta property=\"og:description\" content=\"Austrian Wine Marketing Board Danube Nieder\u00f6sterreich Tourism Krems Tourist Information State of Nieder\u00f6sterreich (Lower Austria) Tourism Top Heurige in Nieder\u00f6sterreich\" \/>\n<meta property=\"og:url\" content=\"https:\/\/kremstalwein.at\/en\/links\/\" \/>\n<meta property=\"og:site_name\" content=\"Kremstalwein\" \/>\n<meta property=\"article:publisher\" content=\"https:\/\/www.facebook.com\/kremstalwein\" \/>\n<meta property=\"article:modified_time\" content=\"2020-09-26T17:34:26+00:00\" \/>\n<meta name=\"twitter:card\" content=\"summary_large_image\" \/>\n<script type=\"application\/ld+json\" class=\"yoast-schema-graph\">{\"@context\":\"https:\/\/schema.org\",\"@graph\":[{\"@type\":\"WebPage\",\"@id\":\"https:\/\/kremstalwein.at\/en\/links\/\",\"url\":\"https:\/\/kremstalwein.at\/en\/links\/\",\"name\":\"Links - Kremstalwein\",\"isPartOf\":{\"@id\":\"https:\/\/kremstalwein.at\/#website\"},\"datePublished\":\"2020-09-25T15:02:25+00:00\",\"dateModified\":\"2020-09-26T17:34:26+00:00\",\"breadcrumb\":{\"@id\":\"https:\/\/kremstalwein.at\/en\/links\/#breadcrumb\"},\"inLanguage\":\"en-US\",\"potentialAction\":[{\"@type\":\"ReadAction\",\"target\":[\"https:\/\/kremstalwein.at\/en\/links\/\"]}]},{\"@type\":\"BreadcrumbList\",\"@id\":\"https:\/\/kremstalwein.at\/en\/links\/#breadcrumb\",\"itemListElement\":[{\"@type\":\"ListItem\",\"position\":1,\"name\":\"Startseite\",\"item\":\"https:\/\/kremstalwein.at\/en\/\"},{\"@type\":\"ListItem\",\"position\":2,\"name\":\"Links\"}]},{\"@type\":\"WebSite\",\"@id\":\"https:\/\/kremstalwein.at\/#website\",\"url\":\"https:\/\/kremstalwein.at\/\",\"name\":\"Kremstalwein\",\"description\":\"Hochkultur des Weins\",\"publisher\":{\"@id\":\"https:\/\/kremstalwein.at\/#organization\"},\"potentialAction\":[{\"@type\":\"SearchAction\",\"target\":{\"@type\":\"EntryPoint\",\"urlTemplate\":\"https:\/\/kremstalwein.at\/?s={search_term_string}\"},\"query-input\":{\"@type\":\"PropertyValueSpecification\",\"valueRequired\":true,\"valueName\":\"search_term_string\"}}],\"inLanguage\":\"en-US\"},{\"@type\":\"Organization\",\"@id\":\"https:\/\/kremstalwein.at\/#organization\",\"name\":\"Regionales Weinkomitee Kremstal & Weinstra\u00dfe Kremstal\",\"url\":\"https:\/\/kremstalwein.at\/\",\"logo\":{\"@type\":\"ImageObject\",\"inLanguage\":\"en-US\",\"@id\":\"https:\/\/kremstalwein.at\/#\/schema\/logo\/image\/\",\"url\":\"https:\/\/kremstalwein.at\/wp-content\/uploads\/2020\/06\/kremstal-logo-ohne-hg_klein.jpg\",\"contentUrl\":\"https:\/\/kremstalwein.at\/wp-content\/uploads\/2020\/06\/kremstal-logo-ohne-hg_klein.jpg\",\"width\":300,\"height\":230,\"caption\":\"Regionales Weinkomitee Kremstal & Weinstra\u00dfe Kremstal\"},\"image\":{\"@id\":\"https:\/\/kremstalwein.at\/#\/schema\/logo\/image\/\"},\"sameAs\":[\"https:\/\/www.facebook.com\/kremstalwein\",\"https:\/\/www.instagram.com\/kremstalwein\/?hl=de\"]}]}<\/script>\n<!-- \/ Yoast SEO plugin. -->","yoast_head_json":{"title":"Links - Kremstalwein","robots":{"index":"index","follow":"follow","max-snippet":"max-snippet:-1","max-image-preview":"max-image-preview:large","max-video-preview":"max-video-preview:-1"},"canonical":"https:\/\/kremstalwein.at\/en\/links\/","og_locale":"en_US","og_type":"article","og_title":"Links - Kremstalwein","og_description":"Austrian Wine Marketing Board Danube Nieder\u00f6sterreich Tourism Krems Tourist Information State of Nieder\u00f6sterreich (Lower Austria) Tourism Top Heurige in Nieder\u00f6sterreich","og_url":"https:\/\/kremstalwein.at\/en\/links\/","og_site_name":"Kremstalwein","article_publisher":"https:\/\/www.facebook.com\/kremstalwein","article_modified_time":"2020-09-26T17:34:26+00:00","twitter_card":"summary_large_image","schema":{"@context":"https:\/\/schema.org","@graph":[{"@type":"WebPage","@id":"https:\/\/kremstalwein.at\/en\/links\/","url":"https:\/\/kremstalwein.at\/en\/links\/","name":"Links - Kremstalwein","isPartOf":{"@id":"https:\/\/kremstalwein.at\/#website"},"datePublished":"2020-09-25T15:02:25+00:00","dateModified":"2020-09-26T17:34:26+00:00","breadcrumb":{"@id":"https:\/\/kremstalwein.at\/en\/links\/#breadcrumb"},"inLanguage":"en-US","potentialAction":[{"@type":"ReadAction","target":["https:\/\/kremstalwein.at\/en\/links\/"]}]},{"@type":"BreadcrumbList","@id":"https:\/\/kremstalwein.at\/en\/links\/#breadcrumb","itemListElement":[{"@type":"ListItem","position":1,"name":"Startseite","item":"https:\/\/kremstalwein.at\/en\/"},{"@type":"ListItem","position":2,"name":"Links"}]},{"@type":"WebSite","@id":"https:\/\/kremstalwein.at\/#website","url":"https:\/\/kremstalwein.at\/","name":"Kremstalwein","description":"Hochkultur des Weins","publisher":{"@id":"https:\/\/kremstalwein.at\/#organization"},"potentialAction":[{"@type":"SearchAction","target":{"@type":"EntryPoint","urlTemplate":"https:\/\/kremstalwein.at\/?s={search_term_string}"},"query-input":{"@type":"PropertyValueSpecification","valueRequired":true,"valueName":"search_term_string"}}],"inLanguage":"en-US"},{"@type":"Organization","@id":"https:\/\/kremstalwein.at\/#organization","name":"Regionales Weinkomitee Kremstal & Weinstra\u00dfe Kremstal","url":"https:\/\/kremstalwein.at\/","logo":{"@type":"ImageObject","inLanguage":"en-US","@id":"https:\/\/kremstalwein.at\/#\/schema\/logo\/image\/","url":"https:\/\/kremstalwein.at\/wp-content\/uploads\/2020\/06\/kremstal-logo-ohne-hg_klein.jpg","contentUrl":"https:\/\/kremstalwein.at\/wp-content\/uploads\/2020\/06\/kremstal-logo-ohne-hg_klein.jpg","width":300,"height":230,"caption":"Regionales Weinkomitee Kremstal & Weinstra\u00dfe Kremstal"},"image":{"@id":"https:\/\/kremstalwein.at\/#\/schema\/logo\/image\/"},"sameAs":["https:\/\/www.facebook.com\/kremstalwein","https:\/\/www.instagram.com\/kremstalwein\/?hl=de"]}]}},"_links":{"self":[{"href":"https:\/\/kremstalwein.at\/en\/wp-json\/wp\/v2\/pages\/3145","targetHints":{"allow":["GET"]}}],"collection":[{"href":"https:\/\/kremstalwein.at\/en\/wp-json\/wp\/v2\/pages"}],"about":[{"href":"https:\/\/kremstalwein.at\/en\/wp-json\/wp\/v2\/types\/page"}],"author":[{"embeddable":true,"href":"https:\/\/kremstalwein.at\/en\/wp-json\/wp\/v2\/users\/1"}],"replies":[{"embeddable":true,"href":"https:\/\/kremstalwein.at\/en\/wp-json\/wp\/v2\/comments?post=3145"}],"version-history":[{"count":0,"href":"https:\/\/kremstalwein.at\/en\/wp-json\/wp\/v2\/pages\/3145\/revisions"}],"wp:attachment":[{"href":"https:\/\/kremstalwein.at\/en\/wp-json\/wp\/v2\/media?parent=3145"}],"curies":[{"name":"wp","href":"https:\/\/api.w.org\/{rel}","templated":true}]}}